{"id":93,"date":"2024-11-27T08:17:06","date_gmt":"2024-11-27T08:17:06","guid":{"rendered":"https:\/\/ubm.no\/?page_id=93"},"modified":"2024-12-19T07:42:42","modified_gmt":"2024-12-19T07:42:42","slug":"om-oss","status":"publish","type":"page","link":"https:\/\/ubm.no\/index.php\/om-oss\/","title":{"rendered":"Om oss"},"content":{"rendered":"\n<div class=\"wp-block-cover alignfull\" style=\"padding-top:2%;min-height:30rem;aspect-ratio:unset;\"><span aria-hidden=\"true\" class=\"wp-block-cover__background has-background-dim-0 has-background-dim\" style=\"background-color:#2b272c\"><\/span><img loading=\"lazy\" decoding=\"async\" width=\"2560\" height=\"1812\" class=\"wp-block-cover__image-background wp-image-114\" alt=\"\" src=\"https:\/\/ubm.no\/wp-content\/uploads\/2024\/11\/ales-nesetril-Im7lZjxeLhg-unsplash-scaled.jpg\" data-object-fit=\"cover\" srcset=\"https:\/\/ubm.no\/wp-content\/uploads\/2024\/11\/ales-nesetril-Im7lZjxeLhg-unsplash-scaled.jpg 2560w, https:\/\/ubm.no\/wp-content\/uploads\/2024\/11\/ales-nesetril-Im7lZjxeLhg-unsplash-300x212.jpg 300w, https:\/\/ubm.no\/wp-content\/uploads\/2024\/11\/ales-nesetril-Im7lZjxeLhg-unsplash-1024x725.jpg 1024w, https:\/\/ubm.no\/wp-content\/uploads\/2024\/11\/ales-nesetril-Im7lZjxeLhg-unsplash-768x544.jpg 768w, https:\/\/ubm.no\/wp-content\/uploads\/2024\/11\/ales-nesetril-Im7lZjxeLhg-unsplash-1536x1087.jpg 1536w, https:\/\/ubm.no\/wp-content\/uploads\/2024\/11\/ales-nesetril-Im7lZjxeLhg-unsplash-2048x1450.jpg 2048w\" sizes=\"auto, (max-width: 2560px) 100vw, 2560px\" \/><div class=\"wp-block-cover__inner-container has-global-padding is-layout-constrained wp-container-core-cover-is-layout-ee51f2d2 wp-block-cover-is-layout-constrained\">\n<div class=\"wp-block-group alignwide is-vertical is-content-justification-center is-layout-flex wp-container-core-group-is-layout-5e763914 wp-block-group-is-layout-flex\" style=\"min-height:8rem\">\n<div class=\"wp-block-group has-global-padding is-layout-constrained wp-container-core-group-is-layout-bea02a06 wp-block-group-is-layout-constrained\">\n<h2 class=\"wp-block-heading has-text-align-center has-text-color\" style=\"color:#07277c;margin-top:0rem;margin-bottom:1.01rem;font-size:clamp(2.071rem, 2.071rem + ((1vw - 0.2rem) * 2.98), 3.71rem);font-style:normal;font-weight:400;line-height:1;text-transform:capitalize\"><mark style=\"background-color:rgba(0, 0, 0, 0)\" class=\"has-inline-color has-white-color\"><strong>OSS<\/strong><\/mark><\/h2>\n\n\n\n<p><\/p>\n<\/div>\n<\/div>\n<\/div><\/div>\n\n\n\n<section class=\"wp-block-group alignfull has-text-color has-global-padding is-layout-constrained wp-container-core-group-is-layout-4252d6ba wp-block-group-is-layout-constrained\" style=\"color:#03081e;margin-top:0px;padding-top:6.51rem;padding-right:1rem;padding-bottom:5.5rem;padding-left:1rem;font-size:clamp(0.875rem, 0.875rem + ((1vw - 0.2rem) * 0.464), 1.13rem);font-style:normal;font-weight:400;line-height:1.4\">\n<div class=\"wp-block-columns is-layout-flex wp-container-core-columns-is-layout-db2df21c wp-block-columns-is-layout-flex\" style=\"margin-bottom:0px\">\n<div class=\"wp-block-column has-global-padding is-content-justification-left is-layout-constrained wp-container-core-column-is-layout-12dd3699 wp-block-column-is-layout-constrained\" style=\"flex-basis:45%\">\n<figure class=\"wp-block-image aligncenter size-full is-resized\"><img loading=\"lazy\" decoding=\"async\" width=\"540\" height=\"540\" src=\"https:\/\/ubm.no\/wp-content\/uploads\/2024\/11\/hovedlogo.jpg\" alt=\"\" class=\"wp-image-118\" style=\"width:446px\" srcset=\"https:\/\/ubm.no\/wp-content\/uploads\/2024\/11\/hovedlogo.jpg 540w, https:\/\/ubm.no\/wp-content\/uploads\/2024\/11\/hovedlogo-300x300.jpg 300w, https:\/\/ubm.no\/wp-content\/uploads\/2024\/11\/hovedlogo-150x150.jpg 150w\" sizes=\"auto, (max-width: 540px) 100vw, 540px\" \/><\/figure>\n<\/div>\n\n\n\n<div class=\"wp-block-column is-layout-flow wp-block-column-is-layout-flow\">\n<div class=\"wp-block-group is-vertical is-content-justification-left is-layout-flex wp-container-core-group-is-layout-c5d44cae wp-block-group-is-layout-flex\" style=\"min-height:100%\">\n<div class=\"wp-block-group has-global-padding is-content-justification-center is-layout-constrained wp-container-core-group-is-layout-b15c80d6 wp-block-group-is-layout-constrained\">\n<h3 class=\"wp-block-heading has-text-align-left has-text-color\" style=\"color:#07277c;margin-top:0.5rem;margin-bottom:1.01rem;font-size:clamp(1.556rem, 1.556rem + ((1vw - 0.2rem) * 1.916), 2.61rem);font-style:normal;font-weight:500;letter-spacing:0px;line-height:1.3;text-transform:capitalize\">Om oss<\/h3>\n\n\n\n<p class=\"has-text-align-left has-text-color\" style=\"color:#03081e;margin-top:0rem;font-size:clamp(0.875rem, 0.875rem + ((1vw - 0.2rem) * 0.609), 1.21rem);font-style:normal;font-weight:400;line-height:1.6\">StorsteinNett AS er totalleverand\u00f8r innen IKT. Firma ble etablert i 2002 som ENK. Ble gjort om til AS i 2012, vi er idag 3 ansatte.<br>Er din bedrift for liten til \u00e5 ha en egen IT avdeling, fungerer vi som deres IT avdeling.<br>Dere har da et sted \u00e5 ringe hvis det er noe dere trenger hjelp til innen IKT.<br>Det aller meste kan l\u00f8ses direkte over nett via fjernstyring, slik at det normalt ikke skal ta lang tid \u00e5 f\u00e5 rettet evt feil.<\/p>\n<\/div>\n<\/div>\n<\/div>\n<\/div>\n<\/section>\n\n\n\n<section class=\"wp-block-cover alignfull is-light\" style=\"margin-top:0px;padding-bottom:13.51rem;min-height:620px;aspect-ratio:unset;\"><span aria-hidden=\"true\" class=\"wp-block-cover__background has-background-dim-0 has-background-dim\" style=\"background-color:#a49e95\"><\/span><img loading=\"lazy\" decoding=\"async\" width=\"2560\" height=\"1707\" class=\"wp-block-cover__image-background wp-image-125\" alt=\"\" src=\"https:\/\/ubm.no\/wp-content\/uploads\/2024\/11\/amy-hirschi-dVMWZDpCUlo-unsplash-scaled.jpg\" data-object-fit=\"cover\" srcset=\"https:\/\/ubm.no\/wp-content\/uploads\/2024\/11\/amy-hirschi-dVMWZDpCUlo-unsplash-scaled.jpg 2560w, https:\/\/ubm.no\/wp-content\/uploads\/2024\/11\/amy-hirschi-dVMWZDpCUlo-unsplash-300x200.jpg 300w, https:\/\/ubm.no\/wp-content\/uploads\/2024\/11\/amy-hirschi-dVMWZDpCUlo-unsplash-1024x683.jpg 1024w, https:\/\/ubm.no\/wp-content\/uploads\/2024\/11\/amy-hirschi-dVMWZDpCUlo-unsplash-768x512.jpg 768w, https:\/\/ubm.no\/wp-content\/uploads\/2024\/11\/amy-hirschi-dVMWZDpCUlo-unsplash-1536x1024.jpg 1536w, https:\/\/ubm.no\/wp-content\/uploads\/2024\/11\/amy-hirschi-dVMWZDpCUlo-unsplash-2048x1365.jpg 2048w\" sizes=\"auto, (max-width: 2560px) 100vw, 2560px\" \/><div class=\"wp-block-cover__inner-container has-global-padding is-layout-constrained wp-container-core-cover-is-layout-14880c13 wp-block-cover-is-layout-constrained\">\n<div class=\"wp-block-group alignfull has-text-color has-global-padding is-layout-constrained wp-container-core-group-is-layout-6f61d7e7 wp-block-group-is-layout-constrained\" style=\"color:#252525;margin-top:0px;padding-top:0rem;padding-right:1rem;padding-bottom:0rem;padding-left:1rem;font-size:clamp(0.875rem, 0.875rem + ((1vw - 0.2rem) * 0.464), 1.13rem);font-style:normal;font-weight:400;line-height:1.4\">\n<div class=\"wp-block-group is-vertical is-content-justification-center is-layout-flex wp-container-core-group-is-layout-b6c1f246 wp-block-group-is-layout-flex\">\n<div class=\"wp-block-group has-global-padding is-layout-constrained wp-container-core-group-is-layout-a099c240 wp-block-group-is-layout-constrained\">\n<h2 class=\"wp-block-heading has-text-align-center has-text-color\" style=\"color:#07277c;margin-bottom:1.11rem;font-size:clamp(1.556rem, 1.556rem + ((1vw - 0.2rem) * 1.916), 2.61rem);font-style:normal;font-weight:500;line-height:1.2;text-transform:capitalize\"><mark style=\"background-color:rgba(0, 0, 0, 0)\" class=\"has-inline-color has-white-color\">kontakt<\/mark><\/h2>\n\n\n\n<p class=\"has-text-align-center has-text-color\" style=\"color:#03081e;margin-top:0rem;font-size:clamp(0.875rem, 0.875rem + ((1vw - 0.2rem) * 0.427), 1.11rem);font-style:normal;font-weight:400;line-height:1.6\"><mark style=\"background-color:rgba(0, 0, 0, 0)\" class=\"has-inline-color has-white-color\">Har du sp\u00f8rsm\u00e5l eller trenger hjelp? Kontakt oss<\/mark> <\/p>\n\n\n\n<div class=\"wp-block-group is-vertical is-content-justification-stretch is-layout-flex wp-container-core-group-is-layout-be82aac6 wp-block-group-is-layout-flex\" style=\"margin-top:0rem;padding-right:0px;padding-left:0px\">\n<div class=\"wp-block-group has-global-padding is-content-justification-center is-layout-constrained wp-container-core-group-is-layout-0638dde4 wp-block-group-is-layout-constrained\" style=\"margin-top:0px\">\n<div class=\"wp-block-buttons is-horizontal is-content-justification-right is-layout-flex wp-container-core-buttons-is-layout-1b0e492f wp-block-buttons-is-layout-flex\" style=\"margin-top:2.21rem\">\n<div class=\"wp-block-button has-custom-width wp-block-button__width-100 has-custom-font-size is-style-fill\" style=\"font-size:clamp(0.875rem, 0.875rem + ((1vw - 0.2rem) * 0.609), 1.21rem);font-style:normal;font-weight:400;line-height:1;text-transform:capitalize\"><a class=\"wp-block-button__link has-text-color has-background has-border-color wp-element-button\" href=\"https:\/\/ubm.no\/index.php\/kontakt\/\" style=\"border-color:#041d55;border-style:solid;border-width:1px;border-radius:2.5rem;color:#07277c;background-color:#ffffff;padding-top:1.1rem;padding-right:0.81rem;padding-bottom:1.1rem;padding-left:0.81rem\">Kontakt oss n\u00e5!<\/a><\/div>\n<\/div>\n<\/div>\n<\/div>\n<\/div>\n<\/div>\n<\/div>\n<\/div><\/section>\n","protected":false},"excerpt":{"rendered":"<p>Om oss StorsteinNett AS er totalleverand\u00f8r innen IKT. Firma ble etablert i 2002 som ENK. Ble gjort om til AS i 2012, vi er idag 3 ansatte.Er din bedrift for liten til \u00e5 ha en egen IT avdeling, fungerer vi som deres IT avdeling.Dere har da et sted \u00e5 ringe hvis det er noe dere [&hellip;]<\/p>\n","protected":false},"author":2,"featured_media":0,"parent":0,"menu_order":0,"comment_status":"closed","ping_status":"closed","template":"","meta":{"footnotes":""},"class_list":["post-93","page","type-page","status-publish","hentry"],"_links":{"self":[{"href":"https:\/\/ubm.no\/index.php\/wp-json\/wp\/v2\/pages\/93","targetHints":{"allow":["GET"]}}],"collection":[{"href":"https:\/\/ubm.no\/index.php\/wp-json\/wp\/v2\/pages"}],"about":[{"href":"https:\/\/ubm.no\/index.php\/wp-json\/wp\/v2\/types\/page"}],"author":[{"embeddable":true,"href":"https:\/\/ubm.no\/index.php\/wp-json\/wp\/v2\/users\/2"}],"replies":[{"embeddable":true,"href":"https:\/\/ubm.no\/index.php\/wp-json\/wp\/v2\/comments?post=93"}],"version-history":[{"count":7,"href":"https:\/\/ubm.no\/index.php\/wp-json\/wp\/v2\/pages\/93\/revisions"}],"predecessor-version":[{"id":176,"href":"https:\/\/ubm.no\/index.php\/wp-json\/wp\/v2\/pages\/93\/revisions\/176"}],"wp:attachment":[{"href":"https:\/\/ubm.no\/index.php\/wp-json\/wp\/v2\/media?parent=93"}],"curies":[{"name":"wp","href":"https:\/\/api.w.org\/{rel}","templated":true}]}}